{"id":855,"date":"2019-06-27T23:34:46","date_gmt":"2019-06-27T23:34:46","guid":{"rendered":"http:\/\/psychicinorangecounty.com\/?page_id=855"},"modified":"2019-07-11T17:20:49","modified_gmt":"2019-07-11T17:20:49","slug":"psiquico-chino-oc","status":"publish","type":"page","link":"https:\/\/mrsleespalmreader.com\/es\/chinese-oc-psychic\/","title":{"rendered":"Ps\u00edquico chino OC"},"content":{"rendered":"<div class=\"wpb-content-wrapper\"><div class=\"vc_row wpb_row vc_row-fluid vc_custom_1562109427490 vc_row-o-full-height vc_row-o-columns-middle vc_row-flex wpex-vc-full-width-row wpex-vc-full-width-row--centered wpex-relative wpex-vc_row-has-fill wpex-vc-reset-negative-margin typography-white-shadow\"><div class=\"wpb_column vc_column_container vc_col-sm-12\"><div class=\"vc_column-inner\"><div class=\"wpb_wrapper\"><style>.vcex-heading.vcex_69d04afb82417{color:#e3b300;font-weight:700;}<\/style><h1 class=\"vcex-heading vcex-heading-plain vcex-module wpex-heading wpex-text-2xl wpex-text-center vcex_69d04afb82417\"><span class=\"vcex-heading-inner wpex-block\"><span class=\"vcex-heading-text wpex-responsive-txt\" data-max-font-size=\"60\" data-data-min-font-size=\"16\">P\u00e1gina china ps\u00edquica<\/span><\/span><\/h1><\/div><\/div><\/div><\/div><div class=\"vc_row wpb_row vc_row-fluid vc_custom_1562109438053 wpex-vc-full-width-row wpex-vc-full-width-row--centered wpex-relative wpex-vc_row-has-fill wpex-vc-reset-negative-margin\"><div class=\"wpb_column vc_column_container vc_col-sm-12\"><div class=\"vc_column-inner\"><div class=\"wpb_wrapper\"><\/div><\/div><\/div><\/div><div class=\"vc_row wpb_row vc_row-fluid vc_custom_1561660539472 wpex-relative\"><div class=\"wpb_column vc_column_container vc_col-sm-2\"><div class=\"vc_column-inner\"><div class=\"wpb_wrapper\"><\/div><\/div><\/div><div class=\"wpb_column vc_column_container vc_col-sm-8\"><div class=\"vc_column-inner\"><div class=\"wpb_wrapper\"><h1 class=\"vcex-heading vcex-heading-plain vcex-module wpex-heading wpex-text-2xl wpex-text-center\"><span class=\"vcex-heading-inner wpex-inline-block\">Chino<\/span><\/h1><div class=\"vcex-module vcex-divider vcex-divider-solid vcex-divider-center wpex-mx-auto wpex-max-w-100 wpex-block wpex-h-0 wpex-border-b wpex-border-solid wpex-border-main\" style=\"width:10%;margin-block-start:15px;margin-block-end:25px;border-bottom-width:3px;border-color:#e7b71b;\"><\/div>\n\t<div class=\"wpb_text_column wpb_content_element\" >\n\t\t<div class=\"wpb_wrapper\">\n\t\t\t<p id=\"u4977-2\" class=\"H3\" style=\"text-align: center;\"><span style=\"font-size: 18px;\">\u6a59\u7e23\u901a\u9748\u98a8\u6c34\u5927\u5e2b<\/span><\/p>\n<p class=\"H3\" style=\"text-align: center;\"><span style=\"font-size: 18px;\">\u4f60\u7684\u904b\u52e2\u5982\u4f55\uff1f<\/span><\/p>\n<p class=\"H3\" style=\"text-align: center;\"><span style=\"font-size: 18px;\">\u4f60\u60f3\u958b\u767c\u81ea\u5df1\u7684\u901a\u9748\u80fd\u529b\u55ce\uff1f<\/span><\/p>\n<p class=\"H3\" style=\"text-align: center;\"><span style=\"font-size: 18px;\">\u4f60\u7684\u4eba\u969b\u95dc\u4fc2\u5982\u4f55\uff1f<\/span><\/p>\n<p class=\"H3\" style=\"text-align: center;\"><span style=\"font-size: 18px;\">\u4f60\u60f3\u589e\u9032\u5de5\u4f5c\u6216\u4e8b\u696d\u904b\u7a0b\u55ce\uff1f<\/span><\/p>\n<p class=\"H3\" style=\"text-align: center;\"><span style=\"font-size: 18px;\">Sra. Lee \u662f\u4e00\u4f4d\u6301\u6709\u5c08\u696d\u8a8d\u8b49,\u4e26\u65bc\u901a\u9748,\u4eba\u751f\u898f\u5283\u548c\u7cbe\u795e\u611f\u77e5\u7bc4\u7587\u64c1\u6709\u8d85\u904e40\u5e74\u7d93\u9a57.<\/span><\/p>\n<p class=\"H3\" style=\"text-align: center;\"><span style=\"font-size: 18px;\">Sra. Lee\u52a9\u6709\u9700\u8981\u7684\u4eba.<\/span><\/p>\n<p class=\"H3\" style=\"text-align: center;\"><span style=\"font-size: 18px;\">Sra. Lee\u70ba\u4f60\u6307\u9ede\u660e\u71c8\u3002\u7279\u5225\u7684\u901a\u9748\u89e3\u8b80\u53ef\u4ee5\u91dd\u5c0d\u91cd\u9ede\u4e26\u89e3\u6c7a\u4f60\u7684\u554f\u984c.<\/span><\/p>\n<p style=\"text-align: center;\"><strong>\u6240\u6709\u9810\u6e2c\u548c\u89e3\u8b80\u90fd\u662f\u79c1\u4eba\u548c\u4fdd\u5bc6\u7684\uff0c\u53ea\u63a5\u53d7\u63d0\u524d\u9810\u7d04\uff1a<a class=\"nonblock\" href=\"\/es\/tel\u00e9fono: 17146698410\/\">714-669-8410<\/a>.<\/strong><\/p>\n\n\t\t<\/div>\n\t<\/div>\n<\/div><\/div><\/div><div class=\"wpb_column vc_column_container vc_col-sm-2\"><div class=\"vc_column-inner\"><div class=\"wpb_wrapper\"><\/div><\/div><\/div><\/div><div class=\"vc_row wpb_row vc_row-fluid vc_custom_1562109449222 wpex-vc-full-width-row wpex-vc-full-width-row--centered wpex-relative wpex-vc_row-has-fill wpex-vc-reset-negative-margin\"><div class=\"wpb_column vc_column_container vc_col-sm-12\"><div class=\"vc_column-inner\"><div class=\"wpb_wrapper\"><style>.vcex-button.vcex_69d04afb8401b{background:#7a0002;color:#fcfcfc!important;font-size:16px;font-weight:400;letter-spacing:1.5px;}.vcex-button.vcex_69d04afb8401b:hover{color:#d5a000!important;}<\/style><div class=\"theme-button-wrap textcenter wpex-clr\"><a href=\"https:\/\/goo.gl\/maps\/sz1t93SsKpN2\" class=\"vcex-button theme-button clean align-center inline vcex_69d04afb8401b\" title=\"GOOGLE MAPS: PS\u00cdQUICO CERCA DE M\u00cd\" target=\"_blank\" rel=\"noopener noreferrer\"><span class=\"vcex-button-inner theme-button-inner wpex-flex wpex-flex-wrap wpex-items-center wpex-justify-center\">GOOGLE MAPS: PS\u00cdQUICO CERCA DE M\u00cd<\/span><\/a><\/div> <\/div><\/div><\/div><\/div><div class=\"vc_row wpb_row vc_row-fluid vc_custom_1561656737014 wpex-relative\"><div class=\"wpb_column vc_column_container vc_col-sm-2\"><div class=\"vc_column-inner\"><div class=\"wpb_wrapper\"><\/div><\/div><\/div><div class=\"wpb_column vc_column_container vc_col-sm-8\"><div class=\"vc_column-inner\"><div class=\"wpb_wrapper\"><h2 class=\"vcex-heading vcex-heading-plain vcex-module wpex-heading wpex-text-2xl wpex-text-center\"><span class=\"vcex-heading-inner wpex-inline-block\">\u670d\u52d9\u9805\u76ee: \u5fc3\u9748\u5360\u535c\u3001\u5854\u7f85\u89e3\u8b80, \u524d\u751f<\/span><\/h2><div class=\"vcex-module vcex-divider vcex-divider-solid vcex-divider-center wpex-mx-auto wpex-max-w-100 wpex-block wpex-h-0 wpex-border-b wpex-border-solid wpex-border-main\" style=\"width:10%;margin-block-start:15px;margin-block-end:25px;border-bottom-width:3px;border-color:#e7b71b;\"><\/div>\n\t<div class=\"wpb_text_column wpb_content_element\" >\n\t\t<div class=\"wpb_wrapper\">\n\t\t\t<p class=\"H3\" style=\"text-align: center;\"><span style=\"font-size: 18px;\">\u8d85\u904e40\u5e74\u7684\u7d93\u9a57\uff0c\u7cbe\u901a\u5fc3\u9748\u5360\u535c\u3001\u5854\u7f85\u89e3\u8b80\u3001\u9810\u6e2c \u535c\u5366\u3001\u524d\u4e16\u559a\u9192\u7b49\uff0c\u4e0d\u7ba1\u662f\u611b\u60c5\u3001\u5a5a\u59fb\u3001\u4e8b\u696d\u7b49\u4eba\u751f\u554f\u984c\uff0c\u90fd\u53ef\u4ee5\u5e6b\u4f60\u89e3\u6c7a\u3002<\/span><\/p>\n<p class=\"H3\" style=\"text-align: center;\"><span style=\"font-size: 18px;\">\u5fc3\u9748\u5360\u535c\uff1a\u900f\u904e\u4f7f\u7528\u4f60\u500b\u4eba\u7684\u91d1\u5c6c\u7269\u4ef6(\u4f8b\u5982\u91d1\u3001\u9280\u3001\u9285),\u53ef\u4ee5\u9810\u6e2c\u4f60\u7684\u904e\u53bb\u3001\u73fe\u5728\u548c\u672a\u4f86\u3002<\/span><\/p>\n<p class=\"H3\" style=\"text-align: center;\"><span style=\"font-size: 18px;\">\u5854\u7f85\u724c\uff1a\u4e00\u526f78\u5f35\u724c\u7684\u5854\u7f85\u724c\uff0c\u6703\u88ab\u5206\u6210\u4e09\u7d44\uff1a\u904e \u53bb\uff0c\u73fe\u5728\u548c\u672a\u4f86\uff0c\u9019\u4e9b\u5854\u7f85\u724c\u80fd\u70ba\u4f60\u7684\u554f\u984c\u7d66\u4e88\u201c\u662f\u201d\u6216\u201c\u5426\u201d\u7684\u7b54\u6848.<\/span><\/p>\n<p class=\"H3\" style=\"text-align: center;\"><span style=\"font-size: 18px;\">\u63a2\u7d22\u524d\u751f\uff1a\u901a\u5e38\u4e5f\u89e3\u8b80\u70ba\u6642\u9593\u65c5\u884c\uff0c\u5b83\u80fd\u5920\u63ed\u793a \u4f60\u4eba\u751f\u4e2d\u7684\u554f\u984c\u3002\u6642\u9593\u65c5\u884c\u9069\u7528\u65bc\u7576\u4f60\u7684\u60f3\u6cd5\u9047\u5230\u963b\u585e\uff0c\u800c\u901a\u9748\u89e3\u8b80\u4e0d\u80fd\u6e05\u6670\u9032\u884c\u6642\u4f7f\u7528\u3002<\/span><\/p>\n<p class=\"H3\" style=\"text-align: center;\"><span style=\"font-size: 18px;\">\u6c34\u6676\u7403\uff1a\u91dd\u5c0d\u500b\u4eba\u767c\u5c55\u800c\u63d0\u4f9b\u7684\u9ad8\u54c1\u8cea\u6c34\u6676\u7403\uff0c \u6c34\u6676\u860a\u542b\u4e26\u767c\u653e\u51fa\u4e00\u4e9b\u80fd\u91cf\uff0c\u9019\u4e9b\u80fd\u91cf\u53ef\u4ee5\u5354\u8abf\u6211\u5011\u7684\u60f3\u6cd5\u3001\u60c5\u611f\u3001\u610f\u8b58\u8207\u5b87\u5b99\u4e2d\u7684\u80fd\u91cf.<\/span><\/p>\n\n\t\t<\/div>\n\t<\/div>\n<\/div><\/div><\/div><div class=\"wpb_column vc_column_container vc_col-sm-2\"><div class=\"vc_column-inner\"><div class=\"wpb_wrapper\"><\/div><\/div><\/div><\/div>\n<\/div>","protected":false},"excerpt":{"rendered":"P\u00e1gina china ps\u00edquicaChinese \u6a59\u7e23\u901a\u9748\u98a8\u6c34\u5927\u5e2b \u4f60\u7684\u904b\u52e2\u5982\u4f55\uff1f \u4f60\u60f3\u958b\u767c\u81ea\u5df1\u7684\u901a\u9748\u80fd\u529b\u55ce\uff1f \u4f60\u7684\u4eba\u969b\u95dc\u4fc2\u5982\u4f55\uff1f\u4f60\u60f3\u589e\u9032\u5de5\u4f5c\u6216\u4e8b\u696d\u904b\u7a0b\u55ce\uff1f Sra. Lee \u662f\u4e00\u4f4d\u6301\u6709\u5c08\u696d\u8a8d\u8b49\uff0c\u4e26Sra. Lee \u76f8\u4fe1\u6bcf\u4e00\u500b\u4eba\u90fd\u64c1\u6709\u901a\u9748\u80fd\u529b\u3002\u5979\u8a8d\u70ba\u81ea\u5df1\u6240\u64c1\u6709\u7684\u901a\u9748\u80fd\u529b\u662f\u4e0a\u5929\u8cdc\u4e88\u7684\u79ae\u7269\uff0c\u8b93\u5979\u53ef\u4ee5\u5e6b\u52a9\u6709\u9700\u8981\u7684\u4eba\u3002 Sra. Lee\u53ef\u4ee5\u5e6b\u52a9\u4f60\u89e3\u6c7a\u4efb\u4f55\u73fe\u5be6\u4e2d\u7684\u554f\u984c\uff0c\u7121\u8ad6\u662f\u611b\u60c5\u3001\u4e8b\u696d\u3001\u5a5a\u59fb\u6216\u4fee\u88dc\u7834\u88c2\u7684\u5bb6\u5ead\u95dc\u4fc2\u7b49\uff0c\u5979\u90fd\u53ef\u4ee5\u70ba\u4f60\u6307\u9ede\u660e\u71c8\u3002\u7279\u5225\u7684\u901a\u9748\u89e3\u8b80\u53ef\u4ee5\u91dd\u5c0d\u91cd\u9ede\u4e26\u89e3\u6c7a\u4f60\u7684\u554f\u984c. N\u00famero de tel\u00e9fono: 714-669-8410. GOOGLE MAPS: PSYCHIC CERCA DE M\u00cd \u670d\u52d9\u9805\u76ee: \u5fc3\u9748\u5360\u535c\u3001\u5854\u7f85\u89e3\u8b80, \u524d\u751f \u8d85\u904e40\u5e74\u7684\u7d93\u9a57\uff0c\u7cbe\u901a\u5fc3\u9748\u5360\u535c\u3001\u5854\u7f85\u89e3\u8b80\u3001\u9810\u6e2c\u535c\u5366\u3001\u524d\u4e16\u559a\u9192\u7b49\uff0c\u4e0d\u7ba1\u662f\u611b\u60c5\u3001\u5a5a\u59fb\u3001\u4e8b\u696d\u7b49\u4eba\u751f\u554f\u984c\uff0c\u90fd\u53ef\u4ee5\u5e6b\u4f60\u89e3\u6c7a\u3002 \u5fc3\u9748\u5360\u535c\uff1a\u900f\u904e\u4f7f\u7528\u4f60\u500b\u4eba\u7684\u91d1\u5c6c\u7269\u4ef6(\u4f8b\u5982\u91d1\u3001\u9280\u3001\u9285),\u53ef\u4ee5\u9810\u6e2c\u4f60\u7684\u904e\u53bb\u3001\u73fe.\u5728\u548c\u672a\u4f86\u3002 \u5854\u7f85\u724c\uff1a\u4e00\u526f78\u5f35\u724c\u7684\u5854\u7f85\u724c\uff0c\u6703\u88ab\u5206\u6210\u4e09\u7d44\uff1a\u904e\u53bb\uff0c\u73fe\u5728\u548c\u672a\u4f86\uff0c\u9019\u4e9b\u5854\u7f85\u724c\u80fd\u70ba\u4f60\u7684\u554f\u984c\u7d66\u4e88\u201c\u662f\u201d\u6216\u201c\u5426\u201d\u7684\u7b54\u6848\u3002 \u63a2\u7d22\u524d\u751f\uff1a\u901a\u5e38\u4e5f\u89e3\u8b80\u70ba\u6642\u9593\u65c5\u884c,\u5b83\u80fd\u5920\u63ed\u793a\u4f60\u4eba\u751f\u4e2d\u7684\u554f\u984c\u3002\u6642\u9593\u65c5\u884c\u9069\u7528\u65bc\u7576\u4f60\u7684\u60f3\u6cd5\u9047\u5230\u963b\u585e\uff0c\u800c\u901a\u9748\u89e3\u8b80\u4e0d\u80fd\u6e05\u6670\u9032\u884c\u6642\u4f7f\u7528.\u767c\u5c55\u800c\u63d0\u4f9b\u7684\u9ad8\u54c1\u8cea\u6c34\u6676\u7403, \u6c34\u6676\u860a\u542b\u4e26\u767c\u653e\u51fa\u4e00\u4e9b\u80fd\u91cf,\u9019\u4e9b\u80fd\u91cf\u53ef\u4ee5\u5354\u8abf\u6211\u5011\u7684\u60f3\u6cd5\u3001\u60c5\u611f\u3001\u610f\u8b58\u8207\u5b87\u5b99\u4e2d\u7684\u80fd\u91cf.","protected":false},"author":1,"featured_media":870,"parent":0,"menu_order":0,"comment_status":"closed","ping_status":"closed","template":"","meta":{"footnotes":""},"class_list":["post-855","page","type-page","status-publish","has-post-thumbnail","hentry","entry","has-media"],"yoast_head":"<!-- This site is optimized with the Yoast SEO plugin v27.3 - https:\/\/yoast.com\/product\/yoast-seo-wordpress\/ -->\n<title>Chinese OC Psychic - Mrs. Lee&#039;s Psychic in Orange County (CA)<\/title>\n<meta name=\"description\" content=\"Psychic in Orange County, Mrs. Lee is the #1 Psychic Reading in (CA) If you are looking for a Psychic Medium near you. Call Mrs. Lee&#039;s Psychic.\" \/>\n<meta name=\"robots\" content=\"index, follow, max-snippet:-1, max-image-preview:large, max-video-preview:-1\" \/>\n<link rel=\"canonical\" href=\"https:\/\/mrsleespalmreader.com\/es\/psiquico-chino-oc\/\" \/>\n<meta property=\"og:locale\" content=\"es_MX\" \/>\n<meta property=\"og:type\" content=\"article\" \/>\n<meta property=\"og:title\" content=\"Chinese OC Psychic - Mrs. Lee&#039;s Psychic in Orange County (CA)\" \/>\n<meta property=\"og:description\" content=\"Psychic in Orange County, Mrs. Lee is the #1 Psychic Reading in (CA) If you are looking for a Psychic Medium near you. Call Mrs. Lee&#039;s Psychic.\" \/>\n<meta property=\"og:url\" content=\"https:\/\/mrsleespalmreader.com\/es\/psiquico-chino-oc\/\" \/>\n<meta property=\"og:site_name\" content=\"Mrs. Lee&#039;s Psychic in Orange County (CA)\" \/>\n<meta property=\"article:publisher\" content=\"https:\/\/www.facebook.com\/MrsLeesPalmReader\" \/>\n<meta property=\"article:modified_time\" content=\"2019-07-11T17:20:49+00:00\" \/>\n<meta property=\"og:image\" content=\"https:\/\/mrsleespalmreader.com\/wp-content\/uploads\/2019\/06\/Chinese-Psychic-Page.jpg\" \/>\n\t<meta property=\"og:image:width\" content=\"1920\" \/>\n\t<meta property=\"og:image:height\" content=\"800\" \/>\n\t<meta property=\"og:image:type\" content=\"image\/jpeg\" \/>\n<meta name=\"twitter:card\" content=\"summary_large_image\" \/>\n<meta name=\"twitter:label1\" content=\"Tiempo de lectura\" \/>\n\t<meta name=\"twitter:data1\" content=\"2 minutos\" \/>\n<script type=\"application\/ld+json\" class=\"yoast-schema-graph\">{\"@context\":\"https:\\\/\\\/schema.org\",\"@graph\":[{\"@type\":\"WebPage\",\"@id\":\"https:\\\/\\\/mrsleespalmreader.com\\\/chinese-oc-psychic\\\/\",\"url\":\"https:\\\/\\\/mrsleespalmreader.com\\\/chinese-oc-psychic\\\/\",\"name\":\"Chinese OC Psychic - Mrs. Lee&#039;s Psychic in Orange County (CA)\",\"isPartOf\":{\"@id\":\"https:\\\/\\\/mrsleespalmreader.com\\\/#website\"},\"primaryImageOfPage\":{\"@id\":\"https:\\\/\\\/mrsleespalmreader.com\\\/chinese-oc-psychic\\\/#primaryimage\"},\"image\":{\"@id\":\"https:\\\/\\\/mrsleespalmreader.com\\\/chinese-oc-psychic\\\/#primaryimage\"},\"thumbnailUrl\":\"https:\\\/\\\/mrsleespalmreader.com\\\/wp-content\\\/uploads\\\/2019\\\/06\\\/Chinese-Psychic-Page.jpg\",\"datePublished\":\"2019-06-27T23:34:46+00:00\",\"dateModified\":\"2019-07-11T17:20:49+00:00\",\"description\":\"Psychic in Orange County, Mrs. Lee is the #1 Psychic Reading in (CA) If you are looking for a Psychic Medium near you. Call Mrs. Lee's Psychic.\",\"breadcrumb\":{\"@id\":\"https:\\\/\\\/mrsleespalmreader.com\\\/chinese-oc-psychic\\\/#breadcrumb\"},\"inLanguage\":\"es\",\"potentialAction\":[{\"@type\":\"ReadAction\",\"target\":[\"https:\\\/\\\/mrsleespalmreader.com\\\/chinese-oc-psychic\\\/\"]}]},{\"@type\":\"ImageObject\",\"inLanguage\":\"es\",\"@id\":\"https:\\\/\\\/mrsleespalmreader.com\\\/chinese-oc-psychic\\\/#primaryimage\",\"url\":\"https:\\\/\\\/mrsleespalmreader.com\\\/wp-content\\\/uploads\\\/2019\\\/06\\\/Chinese-Psychic-Page.jpg\",\"contentUrl\":\"https:\\\/\\\/mrsleespalmreader.com\\\/wp-content\\\/uploads\\\/2019\\\/06\\\/Chinese-Psychic-Page.jpg\",\"width\":1920,\"height\":800,\"caption\":\"Chinese-Psychic-Page\"},{\"@type\":\"BreadcrumbList\",\"@id\":\"https:\\\/\\\/mrsleespalmreader.com\\\/chinese-oc-psychic\\\/#breadcrumb\",\"itemListElement\":[{\"@type\":\"ListItem\",\"position\":1,\"name\":\"Psychic in Orange County\",\"item\":\"https:\\\/\\\/mrsleespalmreader.com\\\/\"},{\"@type\":\"ListItem\",\"position\":2,\"name\":\"Chinese OC Psychic\"}]},{\"@type\":\"WebSite\",\"@id\":\"https:\\\/\\\/mrsleespalmreader.com\\\/#website\",\"url\":\"https:\\\/\\\/mrsleespalmreader.com\\\/\",\"name\":\"Mrs. Lee&#039;s Psychic in Orange County (CA)\",\"description\":\"Mrs. Lee is a Psychic, Palm Reader, Certified Life Coach &amp; Spiritual Intuit. She offers Chakra Balancing, Past Life Regression, &amp; Crystal Programming.\",\"publisher\":{\"@id\":\"https:\\\/\\\/mrsleespalmreader.com\\\/#organization\"},\"potentialAction\":[{\"@type\":\"SearchAction\",\"target\":{\"@type\":\"EntryPoint\",\"urlTemplate\":\"https:\\\/\\\/mrsleespalmreader.com\\\/?s={search_term_string}\"},\"query-input\":{\"@type\":\"PropertyValueSpecification\",\"valueRequired\":true,\"valueName\":\"search_term_string\"}}],\"inLanguage\":\"es\"},{\"@type\":\"Organization\",\"@id\":\"https:\\\/\\\/mrsleespalmreader.com\\\/#organization\",\"name\":\"Mrs. Lee's Psychic Palm Reader\",\"url\":\"https:\\\/\\\/mrsleespalmreader.com\\\/\",\"logo\":{\"@type\":\"ImageObject\",\"inLanguage\":\"es\",\"@id\":\"https:\\\/\\\/mrsleespalmreader.com\\\/#\\\/schema\\\/logo\\\/image\\\/\",\"url\":\"https:\\\/\\\/mrsleespalmreader.com\\\/wp-content\\\/uploads\\\/2019\\\/01\\\/Mrs.-Lees-Psychic-Palm-Reader.png\",\"contentUrl\":\"https:\\\/\\\/mrsleespalmreader.com\\\/wp-content\\\/uploads\\\/2019\\\/01\\\/Mrs.-Lees-Psychic-Palm-Reader.png\",\"width\":550,\"height\":250,\"caption\":\"Mrs. Lee's Psychic Palm Reader\"},\"image\":{\"@id\":\"https:\\\/\\\/mrsleespalmreader.com\\\/#\\\/schema\\\/logo\\\/image\\\/\"},\"sameAs\":[\"https:\\\/\\\/www.facebook.com\\\/MrsLeesPalmReader\"]}]}<\/script>\n<!-- \/ Yoast SEO plugin. -->","yoast_head_json":{"title":"Ps\u00edquico OC chino - Ps\u00edquico de la Sra. Lee en el condado de Orange (CA)","description":"Ps\u00edquica en el condado de Orange, la Sra. Lee es la lectura ps\u00edquica #1 en (CA) si est\u00e1 buscando un m\u00e9dium ps\u00edquico cerca de usted. Llame al ps\u00edquico de la Sra. Lee.","robots":{"index":"index","follow":"follow","max-snippet":"max-snippet:-1","max-image-preview":"max-image-preview:large","max-video-preview":"max-video-preview:-1"},"canonical":"https:\/\/mrsleespalmreader.com\/es\/psiquico-chino-oc\/","og_locale":"es_MX","og_type":"article","og_title":"Chinese OC Psychic - Mrs. Lee&#039;s Psychic in Orange County (CA)","og_description":"Psychic in Orange County, Mrs. Lee is the #1 Psychic Reading in (CA) If you are looking for a Psychic Medium near you. Call Mrs. Lee's Psychic.","og_url":"https:\/\/mrsleespalmreader.com\/es\/psiquico-chino-oc\/","og_site_name":"Mrs. Lee&#039;s Psychic in Orange County (CA)","article_publisher":"https:\/\/www.facebook.com\/MrsLeesPalmReader","article_modified_time":"2019-07-11T17:20:49+00:00","og_image":[{"width":1920,"height":800,"url":"https:\/\/mrsleespalmreader.com\/wp-content\/uploads\/2019\/06\/Chinese-Psychic-Page.jpg","type":"image\/jpeg"}],"twitter_card":"summary_large_image","twitter_misc":{"Tiempo de lectura":"2 minutos"},"schema":{"@context":"https:\/\/schema.org","@graph":[{"@type":"WebPage","@id":"https:\/\/mrsleespalmreader.com\/chinese-oc-psychic\/","url":"https:\/\/mrsleespalmreader.com\/chinese-oc-psychic\/","name":"Ps\u00edquico OC chino - Ps\u00edquico de la Sra. Lee en el condado de Orange (CA)","isPartOf":{"@id":"https:\/\/mrsleespalmreader.com\/#website"},"primaryImageOfPage":{"@id":"https:\/\/mrsleespalmreader.com\/chinese-oc-psychic\/#primaryimage"},"image":{"@id":"https:\/\/mrsleespalmreader.com\/chinese-oc-psychic\/#primaryimage"},"thumbnailUrl":"https:\/\/mrsleespalmreader.com\/wp-content\/uploads\/2019\/06\/Chinese-Psychic-Page.jpg","datePublished":"2019-06-27T23:34:46+00:00","dateModified":"2019-07-11T17:20:49+00:00","description":"Ps\u00edquica en el condado de Orange, la Sra. Lee es la lectura ps\u00edquica #1 en (CA) si est\u00e1 buscando un m\u00e9dium ps\u00edquico cerca de usted. Llame al ps\u00edquico de la Sra. Lee.","breadcrumb":{"@id":"https:\/\/mrsleespalmreader.com\/chinese-oc-psychic\/#breadcrumb"},"inLanguage":"es","potentialAction":[{"@type":"ReadAction","target":["https:\/\/mrsleespalmreader.com\/chinese-oc-psychic\/"]}]},{"@type":"ImageObject","inLanguage":"es","@id":"https:\/\/mrsleespalmreader.com\/chinese-oc-psychic\/#primaryimage","url":"https:\/\/mrsleespalmreader.com\/wp-content\/uploads\/2019\/06\/Chinese-Psychic-Page.jpg","contentUrl":"https:\/\/mrsleespalmreader.com\/wp-content\/uploads\/2019\/06\/Chinese-Psychic-Page.jpg","width":1920,"height":800,"caption":"Chinese-Psychic-Page"},{"@type":"BreadcrumbList","@id":"https:\/\/mrsleespalmreader.com\/chinese-oc-psychic\/#breadcrumb","itemListElement":[{"@type":"ListItem","position":1,"name":"Psychic in Orange County","item":"https:\/\/mrsleespalmreader.com\/"},{"@type":"ListItem","position":2,"name":"Chinese OC Psychic"}]},{"@type":"WebSite","@id":"https:\/\/mrsleespalmreader.com\/#website","url":"https:\/\/mrsleespalmreader.com\/","name":"Ps\u00edquica de la Sra. Lee en el condado de Orange (CA)","description":"La Sra. Lee es ps\u00edquica, lectora de mano, entrenadora de vida certificada e intuici\u00f3n espiritual. Ofrece equilibrio de chakras, regresi\u00f3n a vidas pasadas y programaci\u00f3n de cristales.","publisher":{"@id":"https:\/\/mrsleespalmreader.com\/#organization"},"potentialAction":[{"@type":"SearchAction","target":{"@type":"EntryPoint","urlTemplate":"https:\/\/mrsleespalmreader.com\/?s={search_term_string}"},"query-input":{"@type":"PropertyValueSpecification","valueRequired":true,"valueName":"search_term_string"}}],"inLanguage":"es"},{"@type":"Organization","@id":"https:\/\/mrsleespalmreader.com\/#organization","name":"Lector de palma ps\u00edquico de la Sra. Lee","url":"https:\/\/mrsleespalmreader.com\/","logo":{"@type":"ImageObject","inLanguage":"es","@id":"https:\/\/mrsleespalmreader.com\/#\/schema\/logo\/image\/","url":"https:\/\/mrsleespalmreader.com\/wp-content\/uploads\/2019\/01\/Mrs.-Lees-Psychic-Palm-Reader.png","contentUrl":"https:\/\/mrsleespalmreader.com\/wp-content\/uploads\/2019\/01\/Mrs.-Lees-Psychic-Palm-Reader.png","width":550,"height":250,"caption":"Mrs. Lee's Psychic Palm Reader"},"image":{"@id":"https:\/\/mrsleespalmreader.com\/#\/schema\/logo\/image\/"},"sameAs":["https:\/\/www.facebook.com\/MrsLeesPalmReader"]}]}},"_links":{"self":[{"href":"https:\/\/mrsleespalmreader.com\/es\/wp-json\/wp\/v2\/pages\/855","targetHints":{"allow":["GET"]}}],"collection":[{"href":"https:\/\/mrsleespalmreader.com\/es\/wp-json\/wp\/v2\/pages"}],"about":[{"href":"https:\/\/mrsleespalmreader.com\/es\/wp-json\/wp\/v2\/types\/page"}],"author":[{"embeddable":true,"href":"https:\/\/mrsleespalmreader.com\/es\/wp-json\/wp\/v2\/users\/1"}],"replies":[{"embeddable":true,"href":"https:\/\/mrsleespalmreader.com\/es\/wp-json\/wp\/v2\/comments?post=855"}],"version-history":[{"count":11,"href":"https:\/\/mrsleespalmreader.com\/es\/wp-json\/wp\/v2\/pages\/855\/revisions"}],"predecessor-version":[{"id":970,"href":"https:\/\/mrsleespalmreader.com\/es\/wp-json\/wp\/v2\/pages\/855\/revisions\/970"}],"wp:featuredmedia":[{"embeddable":true,"href":"https:\/\/mrsleespalmreader.com\/es\/wp-json\/wp\/v2\/media\/870"}],"wp:attachment":[{"href":"https:\/\/mrsleespalmreader.com\/es\/wp-json\/wp\/v2\/media?parent=855"}],"curies":[{"name":"wp","href":"https:\/\/api.w.org\/{rel}","templated":true}]}}