{"id":855,"date":"2019-06-27T23:34:46","date_gmt":"2019-06-27T23:34:46","guid":{"rendered":"http:\/\/psychicinorangecounty.com\/?page_id=855"},"modified":"2019-07-11T17:20:49","modified_gmt":"2019-07-11T17:20:49","slug":"chinesisches-oc-medium","status":"publish","type":"page","link":"https:\/\/mrsleespalmreader.com\/de\/chinese-oc-psychic\/","title":{"rendered":"Chinesisches OC-Hellseher"},"content":{"rendered":"<div class=\"wpb-content-wrapper\"><div class=\"vc_row wpb_row vc_row-fluid vc_custom_1562109427490 vc_row-o-full-height vc_row-o-columns-middle vc_row-flex wpex-vc-full-width-row wpex-vc-full-width-row--centered wpex-relative wpex-vc_row-has-fill wpex-vc-reset-negative-margin typography-white-shadow\"><div class=\"wpb_column vc_column_container vc_col-sm-12\"><div class=\"vc_column-inner\"><div class=\"wpb_wrapper\"><style>.vcex-heading.vcex_69d04ad953457{color:#e3b300;font-weight:700;}<\/style><h1 class=\"vcex-heading vcex-heading-plain vcex-module wpex-heading wpex-text-2xl wpex-text-center vcex_69d04ad953457\"><span class=\"vcex-heading-inner wpex-block\"><span class=\"vcex-heading-text wpex-responsive-txt\" data-max-font-size=\"60\" data-data-min-font-size=\"16\">Psychische chinesische Seite<\/span><\/span><\/h1><\/div><\/div><\/div><\/div><div class=\"vc_row wpb_row vc_row-fluid vc_custom_1562109438053 wpex-vc-full-width-row wpex-vc-full-width-row--centered wpex-relative wpex-vc_row-has-fill wpex-vc-reset-negative-margin\"><div class=\"wpb_column vc_column_container vc_col-sm-12\"><div class=\"vc_column-inner\"><div class=\"wpb_wrapper\"><\/div><\/div><\/div><\/div><div class=\"vc_row wpb_row vc_row-fluid vc_custom_1561660539472 wpex-relative\"><div class=\"wpb_column vc_column_container vc_col-sm-2\"><div class=\"vc_column-inner\"><div class=\"wpb_wrapper\"><\/div><\/div><\/div><div class=\"wpb_column vc_column_container vc_col-sm-8\"><div class=\"vc_column-inner\"><div class=\"wpb_wrapper\"><h1 class=\"vcex-heading vcex-heading-plain vcex-module wpex-heading wpex-text-2xl wpex-text-center\"><span class=\"vcex-heading-inner wpex-inline-block\">Chinesisch<\/span><\/h1><div class=\"vcex-module vcex-divider vcex-divider-solid vcex-divider-center wpex-mx-auto wpex-max-w-100 wpex-block wpex-h-0 wpex-border-b wpex-border-solid wpex-border-main\" style=\"width:10%;margin-block-start:15px;margin-block-end:25px;border-bottom-width:3px;border-color:#e7b71b;\"><\/div>\n\t<div class=\"wpb_text_column wpb_content_element\" >\n\t\t<div class=\"wpb_wrapper\">\n\t\t\t<p id=\"u4977-2\" class=\"H3\" style=\"text-align: center;\"><span style=\"font-size: 18px;\">\u6a59\u7e23\u901a\u9748\u98a8\u6c34\u5927\u5e2b<\/span><\/p>\n<p class=\"H3\" style=\"text-align: center;\"><span style=\"font-size: 18px;\">Was ist Ihr Lieblingsrezept?<\/span><\/p>\n<p class=\"H3\" style=\"text-align: center;\"><span style=\"font-size: 18px;\">Was ist der Unterschied zwischen der Preisspanne f\u00fcr die beste Kinderbetreuung?<\/span><\/p>\n<p class=\"H3\" style=\"text-align: center;\"><span style=\"font-size: 18px;\">Was ist der Unterschied zwischen der Leistung der Batterie und dem Stromverbrauch?<\/span><\/p>\n<p class=\"H3\" style=\"text-align: center;\"><span style=\"font-size: 18px;\">Was ist der Unterschied zwischen der Gr\u00f6\u00dfe des Autos und den Abmessungen?<\/span><\/p>\n<p class=\"H3\" style=\"text-align: center;\"><span style=\"font-size: 18px;\">Mrs. Lee hat eine gro\u00dfartige Zeit mit einer gro\u00dfartigen Ehefrau, einem gro\u00dfartigen Ehemann und einer gro\u00dfartigen Ehefrau verbracht.<\/span><\/p>\n<p class=\"H3\" style=\"text-align: center;\"><span style=\"font-size: 18px;\">Mrs. Lee hat eine tolle Beziehung zu einem Veteranen. Sie hat eine tolle Beziehung zu einem Veteranen. Sie hat eine tolle Beziehung zu einem Veteranen. Sie hat eine tolle Beziehung zu einem Veteranen.<\/span><\/p>\n<p class=\"H3\" style=\"text-align: center;\"><span style=\"font-size: 18px;\">Mrs. Lee hat eine tolle Beziehung zu ihrem Ehemann, der ihr eine tolle Beziehung aufbaut, eine tolle Beziehung zu ihrem Ehemann, der ihr eine tolle Beziehung aufbaut und eine tolle Beziehung zu ihr aufbaut.<\/span><\/p>\n<p style=\"text-align: center;\"><strong>Die wichtigsten Hardwarekomponenten und -komponenten f\u00fcr die Stromversorgung und das Stromversorgungsger\u00e4t sind:<a class=\"nonblock\" href=\"Tel.:17146698410\">714-669-8410<\/a>.<\/strong><\/p>\n\n\t\t<\/div>\n\t<\/div>\n<\/div><\/div><\/div><div class=\"wpb_column vc_column_container vc_col-sm-2\"><div class=\"vc_column-inner\"><div class=\"wpb_wrapper\"><\/div><\/div><\/div><\/div><div class=\"vc_row wpb_row vc_row-fluid vc_custom_1562109449222 wpex-vc-full-width-row wpex-vc-full-width-row--centered wpex-relative wpex-vc_row-has-fill wpex-vc-reset-negative-margin\"><div class=\"wpb_column vc_column_container vc_col-sm-12\"><div class=\"vc_column-inner\"><div class=\"wpb_wrapper\"><style>.vcex-button.vcex_69d04ad9563c6{background:#7a0002;color:#fcfcfc!important;font-size:16px;font-weight:400;letter-spacing:1.5px;}.vcex-button.vcex_69d04ad9563c6:hover{color:#d5a000!important;}<\/style><div class=\"theme-button-wrap textcenter wpex-clr\"><a href=\"https:\/\/goo.gl\/maps\/sz1t93SsKpN2\" class=\"vcex-button theme-button clean align-center inline vcex_69d04ad9563c6\" title=\"GOOGLE MAPS: HELLSEHER IN MEINER N\u00c4HE\" target=\"_blank\" rel=\"noopener noreferrer\"><span class=\"vcex-button-inner theme-button-inner wpex-flex wpex-flex-wrap wpex-items-center wpex-justify-center\">GOOGLE MAPS: HELLSEHER IN MEINER N\u00c4HE<\/span><\/a><\/div> <\/div><\/div><\/div><\/div><div class=\"vc_row wpb_row vc_row-fluid vc_custom_1561656737014 wpex-relative\"><div class=\"wpb_column vc_column_container vc_col-sm-2\"><div class=\"vc_column-inner\"><div class=\"wpb_wrapper\"><\/div><\/div><\/div><div class=\"wpb_column vc_column_container vc_col-sm-8\"><div class=\"vc_column-inner\"><div class=\"wpb_wrapper\"><h2 class=\"vcex-heading vcex-heading-plain vcex-module wpex-heading wpex-text-2xl wpex-text-center\"><span class=\"vcex-heading-inner wpex-inline-block\">Beliebte Kategorien: Familienplanung, Familienplanung, Familienplanung<\/span><\/h2><div class=\"vcex-module vcex-divider vcex-divider-solid vcex-divider-center wpex-mx-auto wpex-max-w-100 wpex-block wpex-h-0 wpex-border-b wpex-border-solid wpex-border-main\" style=\"width:10%;margin-block-start:15px;margin-block-end:25px;border-bottom-width:3px;border-color:#e7b71b;\"><\/div>\n\t<div class=\"wpb_text_column wpb_content_element\" >\n\t\t<div class=\"wpb_wrapper\">\n\t\t\t<p class=\"H3\" style=\"text-align: center;\"><span style=\"font-size: 18px;\">Die 40-Jahres-Garantie bietet Schutz, eine sichere Zahlungsmethode, eine 24-Stunden-Zahlung, eine 30-t\u00e4gige Geld-zur\u00fcck-Garantie, eine 24-Stunden-Zahlung, eine kostenlose Testversion, eine kostenlose Testversion, eine kostenlose Testversion, eine kostenlose Testversion.<\/span><\/p>\n<p class=\"H3\" style=\"text-align: center;\"><span style=\"font-size: 18px;\">Anderer Hersteller: Der Hersteller akzeptiert keine Kreditkarteninformationen (z. B. Kreditkarten, Western Union). Der Lieferant akzeptiert keine Kreditkarteninformationen und kann auch keine Kreditkarteninformationen abgeben.<\/span><\/p>\n<p class=\"H3\" style=\"text-align: center;\"><span style=\"font-size: 18px;\">Anderes Problem: Das 78-Zoll-Rundhalsband ist ein herk\u00f6mmliches Band, das folgendes hat: ein Metallband, ein Drahtseil und ein Metalldraht. Die Drahtseile sind mit einem \u201ePfeil\u201c oder einem \u201ePfeil\u201c gekennzeichnet.<\/span><\/p>\n<p class=\"H3\" style=\"text-align: center;\"><span style=\"font-size: 18px;\">Die folgenden Informationen werden verwendet: Die Hauptaufgabe des Entwicklers besteht darin, die Hauptaufgabe des Entwicklers zu identifizieren und die Hauptaufgabe des Entwicklers zu identifizieren. Die Hauptaufgabe des Entwicklers besteht darin, die Hauptaufgabe des Entwicklers zu identifizieren.<\/span><\/p>\n<p class=\"H3\" style=\"text-align: center;\"><span style=\"font-size: 18px;\">\u6c34\u6676\u7403: \u6b65\u5c0d\u500b\u4eba\u767c\u5c55, \u63d0\u4f9b\u7684\u9ad8\u54c1\u8cea\u6c34\u6676\u7403, \u6c34\u6676\u860a\u542b\u4e26\u767c\u653e\u51fa\u4e00\u4e9b\u80fd\u91cf, \u6b65\u5c0d\u500b\u4eba\u80fd\u91cf, \u60c5\u611f, \u610f\u8b58\u8207\u5b87\u5b99\u4e2d\u7684\u91cf.<\/span><\/p>\n\n\t\t<\/div>\n\t<\/div>\n<\/div><\/div><\/div><div class=\"wpb_column vc_column_container vc_col-sm-2\"><div class=\"vc_column-inner\"><div class=\"wpb_wrapper\"><\/div><\/div><\/div><\/div>\n<\/div>","protected":false},"excerpt":{"rendered":"Psychic Chinese PageChinese Was ist der Unterschied zwischen Psychic Chinese und Chinese? Was ist der Unterschied zwischen Psychic Chinese und Chinese? Was ist der Unterschied zwischen Psychic Chinese und Chinese? Mrs Lee Die beste Freundin von Mrs. Lee ist die beste Freundin, die den Ehemann heiratet und die beste Freundin von Mrs. Lee ist die beste Freundin von Mrs. Lee.\u76f8\u4fe1\u6bcf\u4e00\u500b\u4eba\u90fd\u64c1\u6709\u901a\u9748\u80fd\u529b.\u5979\u8a8d\u70ba\u81ea\u5df1\u6240\u64c1\u6709\u7684\u901a\u9748\u80fd\u529b\u662f\u4e0a\u5929\u8cdc\u4e88\u7684\u79ae\u7269\uff0c\u8b93\u5979\u53ef\u4ee5\u5e6b\u52a9\u6709\u9700\u8981\u769a\u4eba. Mrs Lee Lee hat eine gro\u00dfartige Zeit mit einem riesigen Pool an Wassersportarten verbracht, darunter Schwimmen, Angeln, Wandern und andere Outdoor-Aktivit\u00e4ten. Er hat auch eine gro\u00dfe Auswahl an Sportger\u00e4ten und Wassersportarten. Kontakt: 714-669-8410. GOOGLE MAPS: PSYCHIC NEAR ME (Psychotherapeut in meiner N\u00e4he) Suche nach: Psychotherapeut, Psychotherapeutin, Psychotherapeutin, Psychotherapeutin, Psychotherapeutin, Psychotherapeutin, Psychotherapeutin, Psychotherapeutin, Psychotherapeutin, Psychotherapeutin, Psychotherapeutin, Psychotherapeutin, Psychotherapeutin. Anderer Hersteller: Sie k\u00f6nnen die folgenden Metalldetektoren verwenden (z. B. Detektoren, Sonden, Sonden), sodass Sie die entsprechenden Detektoren, Sonden und Sonden verwenden k\u00f6nnen. Anderes Problem: Das 78-Zoll-Rundhalsband ist ein herk\u00f6mmliches Band, das folgendes hat: ein Metallband, ein Draht und ein Stecker. Die Verbindungselemente des Bandes sind entweder \u201eoffen\u201c oder \u201egeschlossen\u201c.\u63a2\u7d22\u524d\u751f: \u901a\u5e38\u4e5f\u89e3\u8b80\u70ba\u6642\u9593\u65c5\u884c, \u5b83\u80fd\u5920\u63ed\u793a\u4f60\u4eba\u751f\u4e2d\u7684\u554f\u984c. \u6642\u9593\u65c5\u884c\u9069\u7528\u65bc\u7576\u4f60\u7684\u60f3\u6cd5\u9047\u5230\u963b\u585e, \u800c\u901a\u9748\u89e3\u8b80\u4e0d\u80fd\u6e05\u6670\u9032\u884c\u6642\u4f7f\u7528. \u6c34\u6676\u7403: \u91dd\u5c0d\u500b\u4eba\u767c\u5c55\u800c\u63d0\u4f9b\u7684\u9ad8\u54c1\u8cea\u6c34\u6676\u7403. Die meisten Mobiltelefone sind mit einem USB-C-Anschluss ausgestattet, der mit einem USB-C-Anschluss verbunden ist. Der Computer verf\u00fcgt \u00fcber einen eingebauten Speicher, der die Daten speichert.","protected":false},"author":1,"featured_media":870,"parent":0,"menu_order":0,"comment_status":"closed","ping_status":"closed","template":"","meta":{"footnotes":""},"class_list":["post-855","page","type-page","status-publish","has-post-thumbnail","hentry","entry","has-media"],"yoast_head":"<!-- This site is optimized with the Yoast SEO plugin v27.3 - https:\/\/yoast.com\/product\/yoast-seo-wordpress\/ -->\n<title>Chinese OC Psychic - Mrs. Lee&#039;s Psychic in Orange County (CA)<\/title>\n<meta name=\"description\" content=\"Psychic in Orange County, Mrs. Lee is the #1 Psychic Reading in (CA) If you are looking for a Psychic Medium near you. Call Mrs. Lee&#039;s Psychic.\" \/>\n<meta name=\"robots\" content=\"index, follow, max-snippet:-1, max-image-preview:large, max-video-preview:-1\" \/>\n<link rel=\"canonical\" href=\"https:\/\/mrsleespalmreader.com\/de\/chinesisches-oc-medium\/\" \/>\n<meta property=\"og:locale\" content=\"de_DE\" \/>\n<meta property=\"og:type\" content=\"article\" \/>\n<meta property=\"og:title\" content=\"Chinese OC Psychic - Mrs. Lee&#039;s Psychic in Orange County (CA)\" \/>\n<meta property=\"og:description\" content=\"Psychic in Orange County, Mrs. Lee is the #1 Psychic Reading in (CA) If you are looking for a Psychic Medium near you. Call Mrs. Lee&#039;s Psychic.\" \/>\n<meta property=\"og:url\" content=\"https:\/\/mrsleespalmreader.com\/de\/chinesisches-oc-medium\/\" \/>\n<meta property=\"og:site_name\" content=\"Mrs. Lee&#039;s Psychic in Orange County (CA)\" \/>\n<meta property=\"article:publisher\" content=\"https:\/\/www.facebook.com\/MrsLeesPalmReader\" \/>\n<meta property=\"article:modified_time\" content=\"2019-07-11T17:20:49+00:00\" \/>\n<meta property=\"og:image\" content=\"https:\/\/mrsleespalmreader.com\/wp-content\/uploads\/2019\/06\/Chinese-Psychic-Page.jpg\" \/>\n\t<meta property=\"og:image:width\" content=\"1920\" \/>\n\t<meta property=\"og:image:height\" content=\"800\" \/>\n\t<meta property=\"og:image:type\" content=\"image\/jpeg\" \/>\n<meta name=\"twitter:card\" content=\"summary_large_image\" \/>\n<meta name=\"twitter:label1\" content=\"Gesch\u00e4tzte Lesezeit\" \/>\n\t<meta name=\"twitter:data1\" content=\"2\u00a0Minuten\" \/>\n<script type=\"application\/ld+json\" class=\"yoast-schema-graph\">{\"@context\":\"https:\\\/\\\/schema.org\",\"@graph\":[{\"@type\":\"WebPage\",\"@id\":\"https:\\\/\\\/mrsleespalmreader.com\\\/chinese-oc-psychic\\\/\",\"url\":\"https:\\\/\\\/mrsleespalmreader.com\\\/chinese-oc-psychic\\\/\",\"name\":\"Chinese OC Psychic - Mrs. Lee&#039;s Psychic in Orange County (CA)\",\"isPartOf\":{\"@id\":\"https:\\\/\\\/mrsleespalmreader.com\\\/#website\"},\"primaryImageOfPage\":{\"@id\":\"https:\\\/\\\/mrsleespalmreader.com\\\/chinese-oc-psychic\\\/#primaryimage\"},\"image\":{\"@id\":\"https:\\\/\\\/mrsleespalmreader.com\\\/chinese-oc-psychic\\\/#primaryimage\"},\"thumbnailUrl\":\"https:\\\/\\\/mrsleespalmreader.com\\\/wp-content\\\/uploads\\\/2019\\\/06\\\/Chinese-Psychic-Page.jpg\",\"datePublished\":\"2019-06-27T23:34:46+00:00\",\"dateModified\":\"2019-07-11T17:20:49+00:00\",\"description\":\"Psychic in Orange County, Mrs. Lee is the #1 Psychic Reading in (CA) If you are looking for a Psychic Medium near you. Call Mrs. Lee's Psychic.\",\"breadcrumb\":{\"@id\":\"https:\\\/\\\/mrsleespalmreader.com\\\/chinese-oc-psychic\\\/#breadcrumb\"},\"inLanguage\":\"de\",\"potentialAction\":[{\"@type\":\"ReadAction\",\"target\":[\"https:\\\/\\\/mrsleespalmreader.com\\\/chinese-oc-psychic\\\/\"]}]},{\"@type\":\"ImageObject\",\"inLanguage\":\"de\",\"@id\":\"https:\\\/\\\/mrsleespalmreader.com\\\/chinese-oc-psychic\\\/#primaryimage\",\"url\":\"https:\\\/\\\/mrsleespalmreader.com\\\/wp-content\\\/uploads\\\/2019\\\/06\\\/Chinese-Psychic-Page.jpg\",\"contentUrl\":\"https:\\\/\\\/mrsleespalmreader.com\\\/wp-content\\\/uploads\\\/2019\\\/06\\\/Chinese-Psychic-Page.jpg\",\"width\":1920,\"height\":800,\"caption\":\"Chinese-Psychic-Page\"},{\"@type\":\"BreadcrumbList\",\"@id\":\"https:\\\/\\\/mrsleespalmreader.com\\\/chinese-oc-psychic\\\/#breadcrumb\",\"itemListElement\":[{\"@type\":\"ListItem\",\"position\":1,\"name\":\"Psychic in Orange County\",\"item\":\"https:\\\/\\\/mrsleespalmreader.com\\\/\"},{\"@type\":\"ListItem\",\"position\":2,\"name\":\"Chinese OC Psychic\"}]},{\"@type\":\"WebSite\",\"@id\":\"https:\\\/\\\/mrsleespalmreader.com\\\/#website\",\"url\":\"https:\\\/\\\/mrsleespalmreader.com\\\/\",\"name\":\"Mrs. Lee&#039;s Psychic in Orange County (CA)\",\"description\":\"Mrs. Lee is a Psychic, Palm Reader, Certified Life Coach &amp; Spiritual Intuit. She offers Chakra Balancing, Past Life Regression, &amp; Crystal Programming.\",\"publisher\":{\"@id\":\"https:\\\/\\\/mrsleespalmreader.com\\\/#organization\"},\"potentialAction\":[{\"@type\":\"SearchAction\",\"target\":{\"@type\":\"EntryPoint\",\"urlTemplate\":\"https:\\\/\\\/mrsleespalmreader.com\\\/?s={search_term_string}\"},\"query-input\":{\"@type\":\"PropertyValueSpecification\",\"valueRequired\":true,\"valueName\":\"search_term_string\"}}],\"inLanguage\":\"de\"},{\"@type\":\"Organization\",\"@id\":\"https:\\\/\\\/mrsleespalmreader.com\\\/#organization\",\"name\":\"Mrs. Lee's Psychic Palm Reader\",\"url\":\"https:\\\/\\\/mrsleespalmreader.com\\\/\",\"logo\":{\"@type\":\"ImageObject\",\"inLanguage\":\"de\",\"@id\":\"https:\\\/\\\/mrsleespalmreader.com\\\/#\\\/schema\\\/logo\\\/image\\\/\",\"url\":\"https:\\\/\\\/mrsleespalmreader.com\\\/wp-content\\\/uploads\\\/2019\\\/01\\\/Mrs.-Lees-Psychic-Palm-Reader.png\",\"contentUrl\":\"https:\\\/\\\/mrsleespalmreader.com\\\/wp-content\\\/uploads\\\/2019\\\/01\\\/Mrs.-Lees-Psychic-Palm-Reader.png\",\"width\":550,\"height\":250,\"caption\":\"Mrs. Lee's Psychic Palm Reader\"},\"image\":{\"@id\":\"https:\\\/\\\/mrsleespalmreader.com\\\/#\\\/schema\\\/logo\\\/image\\\/\"},\"sameAs\":[\"https:\\\/\\\/www.facebook.com\\\/MrsLeesPalmReader\"]}]}<\/script>\n<!-- \/ Yoast SEO plugin. -->","yoast_head_json":{"title":"Chinesisches OC-Medium - Mrs. Lees Medium in Orange County (CA)","description":"Hellseherin im Orange County, Mrs. Lee ist die #1-Hellseherin in (CA). Wenn Sie nach einem Medium in Ihrer N\u00e4he suchen, rufen Sie Mrs. Lees Hellseherin an.","robots":{"index":"index","follow":"follow","max-snippet":"max-snippet:-1","max-image-preview":"max-image-preview:large","max-video-preview":"max-video-preview:-1"},"canonical":"https:\/\/mrsleespalmreader.com\/de\/chinesisches-oc-medium\/","og_locale":"de_DE","og_type":"article","og_title":"Chinese OC Psychic - Mrs. Lee&#039;s Psychic in Orange County (CA)","og_description":"Psychic in Orange County, Mrs. Lee is the #1 Psychic Reading in (CA) If you are looking for a Psychic Medium near you. Call Mrs. Lee's Psychic.","og_url":"https:\/\/mrsleespalmreader.com\/de\/chinesisches-oc-medium\/","og_site_name":"Mrs. Lee&#039;s Psychic in Orange County (CA)","article_publisher":"https:\/\/www.facebook.com\/MrsLeesPalmReader","article_modified_time":"2019-07-11T17:20:49+00:00","og_image":[{"width":1920,"height":800,"url":"https:\/\/mrsleespalmreader.com\/wp-content\/uploads\/2019\/06\/Chinese-Psychic-Page.jpg","type":"image\/jpeg"}],"twitter_card":"summary_large_image","twitter_misc":{"Gesch\u00e4tzte Lesezeit":"2\u00a0Minuten"},"schema":{"@context":"https:\/\/schema.org","@graph":[{"@type":"WebPage","@id":"https:\/\/mrsleespalmreader.com\/chinese-oc-psychic\/","url":"https:\/\/mrsleespalmreader.com\/chinese-oc-psychic\/","name":"Chinesisches OC-Medium - Mrs. Lees Medium in Orange County (CA)","isPartOf":{"@id":"https:\/\/mrsleespalmreader.com\/#website"},"primaryImageOfPage":{"@id":"https:\/\/mrsleespalmreader.com\/chinese-oc-psychic\/#primaryimage"},"image":{"@id":"https:\/\/mrsleespalmreader.com\/chinese-oc-psychic\/#primaryimage"},"thumbnailUrl":"https:\/\/mrsleespalmreader.com\/wp-content\/uploads\/2019\/06\/Chinese-Psychic-Page.jpg","datePublished":"2019-06-27T23:34:46+00:00","dateModified":"2019-07-11T17:20:49+00:00","description":"Hellseherin im Orange County, Mrs. Lee ist die #1-Hellseherin in (CA). Wenn Sie nach einem Medium in Ihrer N\u00e4he suchen, rufen Sie Mrs. Lees Hellseherin an.","breadcrumb":{"@id":"https:\/\/mrsleespalmreader.com\/chinese-oc-psychic\/#breadcrumb"},"inLanguage":"de","potentialAction":[{"@type":"ReadAction","target":["https:\/\/mrsleespalmreader.com\/chinese-oc-psychic\/"]}]},{"@type":"ImageObject","inLanguage":"de","@id":"https:\/\/mrsleespalmreader.com\/chinese-oc-psychic\/#primaryimage","url":"https:\/\/mrsleespalmreader.com\/wp-content\/uploads\/2019\/06\/Chinese-Psychic-Page.jpg","contentUrl":"https:\/\/mrsleespalmreader.com\/wp-content\/uploads\/2019\/06\/Chinese-Psychic-Page.jpg","width":1920,"height":800,"caption":"Chinese-Psychic-Page"},{"@type":"BreadcrumbList","@id":"https:\/\/mrsleespalmreader.com\/chinese-oc-psychic\/#breadcrumb","itemListElement":[{"@type":"ListItem","position":1,"name":"Psychic in Orange County","item":"https:\/\/mrsleespalmreader.com\/"},{"@type":"ListItem","position":2,"name":"Chinese OC Psychic"}]},{"@type":"WebSite","@id":"https:\/\/mrsleespalmreader.com\/#website","url":"https:\/\/mrsleespalmreader.com\/","name":"Mrs. Lee&#039;s Hellseherin in Orange County (CA)","description":"Frau Lee ist Hellseherin, Handleserin, zertifizierte Lebensberaterin und spirituelle Intuitionistin. Sie bietet Chakra-Ausgleich, R\u00fcckf\u00fchrung in fr\u00fchere Leben und Kristallprogrammierung an.","publisher":{"@id":"https:\/\/mrsleespalmreader.com\/#organization"},"potentialAction":[{"@type":"SearchAction","target":{"@type":"EntryPoint","urlTemplate":"https:\/\/mrsleespalmreader.com\/?s={search_term_string}"},"query-input":{"@type":"PropertyValueSpecification","valueRequired":true,"valueName":"search_term_string"}}],"inLanguage":"de"},{"@type":"Organization","@id":"https:\/\/mrsleespalmreader.com\/#organization","name":"Mrs. Lees Psychic Palm Reader","url":"https:\/\/mrsleespalmreader.com\/","logo":{"@type":"ImageObject","inLanguage":"de","@id":"https:\/\/mrsleespalmreader.com\/#\/schema\/logo\/image\/","url":"https:\/\/mrsleespalmreader.com\/wp-content\/uploads\/2019\/01\/Mrs.-Lees-Psychic-Palm-Reader.png","contentUrl":"https:\/\/mrsleespalmreader.com\/wp-content\/uploads\/2019\/01\/Mrs.-Lees-Psychic-Palm-Reader.png","width":550,"height":250,"caption":"Mrs. Lee's Psychic Palm Reader"},"image":{"@id":"https:\/\/mrsleespalmreader.com\/#\/schema\/logo\/image\/"},"sameAs":["https:\/\/www.facebook.com\/MrsLeesPalmReader"]}]}},"_links":{"self":[{"href":"https:\/\/mrsleespalmreader.com\/de\/wp-json\/wp\/v2\/pages\/855","targetHints":{"allow":["GET"]}}],"collection":[{"href":"https:\/\/mrsleespalmreader.com\/de\/wp-json\/wp\/v2\/pages"}],"about":[{"href":"https:\/\/mrsleespalmreader.com\/de\/wp-json\/wp\/v2\/types\/page"}],"author":[{"embeddable":true,"href":"https:\/\/mrsleespalmreader.com\/de\/wp-json\/wp\/v2\/users\/1"}],"replies":[{"embeddable":true,"href":"https:\/\/mrsleespalmreader.com\/de\/wp-json\/wp\/v2\/comments?post=855"}],"version-history":[{"count":11,"href":"https:\/\/mrsleespalmreader.com\/de\/wp-json\/wp\/v2\/pages\/855\/revisions"}],"predecessor-version":[{"id":970,"href":"https:\/\/mrsleespalmreader.com\/de\/wp-json\/wp\/v2\/pages\/855\/revisions\/970"}],"wp:featuredmedia":[{"embeddable":true,"href":"https:\/\/mrsleespalmreader.com\/de\/wp-json\/wp\/v2\/media\/870"}],"wp:attachment":[{"href":"https:\/\/mrsleespalmreader.com\/de\/wp-json\/wp\/v2\/media?parent=855"}],"curies":[{"name":"wp","href":"https:\/\/api.w.org\/{rel}","templated":true}]}}